{"id":13,"date":"2014-10-14T21:28:09","date_gmt":"2014-10-15T03:28:09","guid":{"rendered":"http:\/\/itsloreto.edu.mx\/principal\/ingenieria-mecatronica\/"},"modified":"2016-02-16T15:17:45","modified_gmt":"2016-02-16T21:17:45","slug":"ingenieria-mecatronica","status":"publish","type":"page","link":"https:\/\/itsloreto.edu.mx\/principal\/ingenieria-mecatronica\/","title":{"rendered":"Ingenier\u00eda mecatr\u00f3nica"},"content":{"rendered":"<h1 class=\"MsoNormal\"><img loading=\"lazy\" decoding=\"async\" class=\" size-full wp-image-11\" src=\"http:\/\/itsloreto.edu.mx\/principal\/wp-content\/uploads\/2014\/10\/mec.jpeg\" alt=\"\" width=\"215\" height=\"124\" srcset=\"https:\/\/itsloreto.edu.mx\/principal\/wp-content\/uploads\/2014\/10\/mec.jpeg 1600w, https:\/\/itsloreto.edu.mx\/principal\/wp-content\/uploads\/2014\/10\/mec-300x174.jpeg 300w, https:\/\/itsloreto.edu.mx\/principal\/wp-content\/uploads\/2014\/10\/mec-768x446.jpeg 768w, https:\/\/itsloreto.edu.mx\/principal\/wp-content\/uploads\/2014\/10\/mec-1024x595.jpeg 1024w\" sizes=\"auto, (max-width: 215px) 100vw, 215px\" \/>Objetivo de la carrera<\/h1>\n<p class=\"MsoNormal\">Formar profesionistas en la ingenier\u00eda mecatr\u00f3nica con capacidad anal\u00edtica, cr\u00edtica y creativa que le permita dise\u00f1ar, proyectar, construir, innovar y administrar equipos y sistemas mecatr\u00f3nicos en el sector social y productivo; as\u00ed como integrar, operar y mantenerlos, con un compromiso \u00e9tico y de calidad en un marco de desarrollo sustentable<\/p>\n<h1 class=\"MsoNormal\">Perfil de ingreso<\/h1>\n<p class=\"MsoNormal\">Haber acreditado el Nivel Medio Superior, tener conocimientos de matem\u00e1ticas y f\u00edsica.<\/p>\n<h1 class=\"MsoNormal\">Perfil de egreso<\/h1>\n<ul>\n<li class=\"MsoNormal\">Ejercer su profesi\u00f3n, con apego a las normas nacionales e internacionales.<\/li>\n<li class=\"MsoNormal\">Analizar, sintetizar, dise\u00f1ar, simular, construir e innovar productos, procesos, equipos y sistemas mecatr\u00f3nicos.<\/li>\n<li class=\"MsoNormal\">Integrar, instalar, construir, optimizar, operar, controlar, mantener, administrar y\/o automatizar sistemas mec\u00e1nicos utilizando tecnolog\u00edas el\u00e9ctricas, electr\u00f3nicas y herramientas computacionales.<\/li>\n<li class=\"MsoNormal\">Evaluar y generar proyectos industriales y de car\u00e1cter social.<\/li>\n<li class=\"MsoNormal\">Coordinar y dirigir grupos multidisciplinarios fomentando el trabajo en equipo para la implementaci\u00f3n de proyectos mecatr\u00f3nicos, asegurando su calidad, eficiencia, productividad y rentabilidad con sentido de responsabilidad de su entorno social y cultural para un desarrollo sustentable.<\/li>\n<li class=\"MsoNormal\">Ser creativo, emprendedor y comprometido con su actualizaci\u00f3n profesional continua y aut\u00f3noma, para estar a la vanguardia en los cambios cient\u00edficos y tecnol\u00f3gicos que se dan en el ejercicio de su profesi\u00f3n.<\/li>\n<li><\/li>\n<li class=\"MsoNormal\">Interpretar informaci\u00f3n t\u00e9cnica de las \u00e1reas que componen la Ingenier\u00eda Mecatr\u00f3nica para la transferencia, adaptaci\u00f3n, asimilaci\u00f3n e innovaci\u00f3n de tecnolog\u00edas de vanguardia.<\/li>\n<\/ul>\n<h1 class=\"MsoNormal\">MISI\u00d3N<\/h1>\n<p class=\"MsoNormal\"><span style=\"border: none windowtext 1.0pt; mso-border-alt: none windowtext 0cm; padding: 0cm; mso-fareast-language: ES-MX;\">La Carrera de Ingenier\u00eda en Mecatr\u00f3nica forma ingenieros competentes, cr\u00edticos, humanistas, lideres y emprendedores con responsabilidad social; genera, fomenta y ejecuta procesos tecnol\u00f3gicos, de conocimientos cient\u00edficos y de innovaci\u00f3n en el sector industrial,\u00a0 en las \u00e1reas de mecatr\u00f3nica, mantenimiento y gerencia con criterios de sustentabilidad.<\/span><\/p>\n<p class=\"MsoNormal\">\n<h1 class=\"MsoNormal\">VISI\u00d3N<\/h1>\n<p class=\"MsoNormal\">La Carrera de Ingenier\u00eda en Mecatr\u00f3nica, ser\u00e1\u00a0 un referente regional y nacional para la formaci\u00f3n de ingenieros competentes, que den respuesta a la demanda del sector productivo en el \u00e1rea de mec\u00e1nica y automatizaci\u00f3n industrial a nivel regional y nacional.<\/p>\n<p class=\"MsoNormal\"><img loading=\"lazy\" decoding=\"async\" class=\" size-full wp-image-12\" src=\"http:\/\/itsloreto.edu.mx\/principal\/wp-content\/uploads\/2014\/10\/IMG_20150519_141850.jpg\" alt=\"\" width=\"505\" height=\"379\" srcset=\"https:\/\/itsloreto.edu.mx\/principal\/wp-content\/uploads\/2014\/10\/IMG_20150519_141850.jpg 3264w, https:\/\/itsloreto.edu.mx\/principal\/wp-content\/uploads\/2014\/10\/IMG_20150519_141850-300x225.jpg 300w, https:\/\/itsloreto.edu.mx\/principal\/wp-content\/uploads\/2014\/10\/IMG_20150519_141850-768x576.jpg 768w, https:\/\/itsloreto.edu.mx\/principal\/wp-content\/uploads\/2014\/10\/IMG_20150519_141850-1024x768.jpg 1024w\" sizes=\"auto, (max-width: 505px) 100vw, 505px\" \/><\/p>\n","protected":false},"excerpt":{"rendered":"<p>Objetivo de la carrera Formar profesionistas en la ingenier\u00eda mecatr\u00f3nica con capacidad anal\u00edtica, cr\u00edtica y creativa que le permita dise\u00f1ar, proyectar, construir, innovar y administrar equipos y sistemas mecatr\u00f3nicos en&#8230;<\/p>\n<div class=\"more-link-wrapper\"><a class=\"more-link\" href=\"https:\/\/itsloreto.edu.mx\/principal\/ingenieria-mecatronica\/\">Leer m\u00e1s<span class=\"screen-reader-text\">Ingenier\u00eda mecatr\u00f3nica<\/span><\/a><\/div>\n","protected":false},"author":1,"featured_media":0,"parent":0,"menu_order":1,"comment_status":"closed","ping_status":"closed","template":"","meta":{"footnotes":""},"class_list":["post-13","page","type-page","status-publish","hentry","excerpt"],"_links":{"self":[{"href":"https:\/\/itsloreto.edu.mx\/principal\/wp-json\/wp\/v2\/pages\/13","targetHints":{"allow":["GET"]}}],"collection":[{"href":"https:\/\/itsloreto.edu.mx\/principal\/wp-json\/wp\/v2\/pages"}],"about":[{"href":"https:\/\/itsloreto.edu.mx\/principal\/wp-json\/wp\/v2\/types\/page"}],"author":[{"embeddable":true,"href":"https:\/\/itsloreto.edu.mx\/principal\/wp-json\/wp\/v2\/users\/1"}],"replies":[{"embeddable":true,"href":"https:\/\/itsloreto.edu.mx\/principal\/wp-json\/wp\/v2\/comments?post=13"}],"version-history":[{"count":1,"href":"https:\/\/itsloreto.edu.mx\/principal\/wp-json\/wp\/v2\/pages\/13\/revisions"}],"predecessor-version":[{"id":42,"href":"https:\/\/itsloreto.edu.mx\/principal\/wp-json\/wp\/v2\/pages\/13\/revisions\/42"}],"wp:attachment":[{"href":"https:\/\/itsloreto.edu.mx\/principal\/wp-json\/wp\/v2\/media?parent=13"}],"curies":[{"name":"wp","href":"https:\/\/api.w.org\/{rel}","templated":true}]}}