{"id":7,"date":"2014-10-14T21:20:52","date_gmt":"2014-10-15T03:20:52","guid":{"rendered":"http:\/\/itsloreto.edu.mx\/principal\/ingenieria-en-sistemas-computacionales\/"},"modified":"2021-10-05T15:14:41","modified_gmt":"2021-10-05T20:14:41","slug":"ingenieria-en-sistemas-computacionales","status":"publish","type":"page","link":"https:\/\/itsloreto.edu.mx\/principal\/ingenieria-en-sistemas-computacionales\/","title":{"rendered":"Ingenier\u00eda en Sistemas Computacionales"},"content":{"rendered":"<h1><img loading=\"lazy\" decoding=\"async\" class=\"alignnone wp-image-901 size-medium\" src=\"https:\/\/itsloreto.edu.mx\/principal\/wp-content\/uploads\/2021\/10\/WhatsApp-Image-2021-08-30-at-10.53.16-PM-300x218.jpeg\" alt=\"\" width=\"300\" height=\"218\" srcset=\"https:\/\/itsloreto.edu.mx\/principal\/wp-content\/uploads\/2021\/10\/WhatsApp-Image-2021-08-30-at-10.53.16-PM-300x218.jpeg 300w, https:\/\/itsloreto.edu.mx\/principal\/wp-content\/uploads\/2021\/10\/WhatsApp-Image-2021-08-30-at-10.53.16-PM.jpeg 647w\" sizes=\"auto, (max-width: 300px) 100vw, 300px\" \/><\/h1>\n<h1>Objetivo de la carrera<\/h1>\n<ul>\n<li class=\"MsoNormal\" style=\"text-align: justify;\">Formar profesionistas l\u00edderes, anal\u00edticos, cr\u00edticos y creativos, capaces de dise\u00f1ar, implementar y administrar equipo computacional para aportar soluciones innovadoras en beneficio de la sociedad y de tu entorno.<\/li>\n<\/ul>\n<h1>Perfil de ingreso<\/h1>\n<p><!-- [if !supportLists]--><span style=\"font-family: Symbol; mso-fareast-font-family: Symbol; mso-bidi-font-family: Symbol;\">\u00b7<span style=\"font-size: 7pt; line-height: normal; font-family: 'Times New Roman';\">&nbsp;&nbsp;&nbsp;&nbsp;&nbsp;&nbsp;&nbsp;&nbsp; <\/span><\/span><!--[endif]-->Capacidad para comunicarse en forma oral y escrita<\/p>\n<p><!-- [if !supportLists]--><span style=\"font-family: Symbol; mso-fareast-font-family: Symbol; mso-bidi-font-family: Symbol;\">\u00b7<span style=\"font-size: 7pt; line-height: normal; font-family: 'Times New Roman';\">&nbsp;&nbsp;&nbsp;&nbsp;&nbsp;&nbsp;&nbsp;&nbsp; <\/span><\/span><!--[endif]-->Disposici\u00f3n para la soluci\u00f3n de problemas t\u00e9cnico-tecnol\u00f3gicos<\/p>\n<p><!-- [if !supportLists]--><span style=\"font-family: Symbol; mso-fareast-font-family: Symbol; mso-bidi-font-family: Symbol;\">\u00b7<span style=\"font-size: 7pt; line-height: normal; font-family: 'Times New Roman';\">&nbsp;&nbsp;&nbsp;&nbsp;&nbsp;&nbsp;&nbsp;&nbsp; <\/span><\/span><!--[endif]-->Habilidad para el razonamiento matem\u00e1tico y\/o num\u00e9rico<\/p>\n<p><!-- [if !supportLists]--><span style=\"font-family: Symbol; mso-fareast-font-family: Symbol; mso-bidi-font-family: Symbol;\">\u00b7<span style=\"font-size: 7pt; line-height: normal; font-family: 'Times New Roman';\">&nbsp;&nbsp;&nbsp;&nbsp;&nbsp;&nbsp;&nbsp;&nbsp; <\/span><\/span><!--[endif]-->Capacidad de an\u00e1lisis y s\u00edntesis para resolver problemas<\/p>\n<p><!-- [if !supportLists]--><span style=\"font-family: Symbol; mso-fareast-font-family: Symbol; mso-bidi-font-family: Symbol;\">\u00b7<span style=\"font-size: 7pt; line-height: normal; font-family: 'Times New Roman';\">&nbsp;&nbsp;&nbsp;&nbsp;&nbsp;&nbsp;&nbsp;&nbsp; <\/span><\/span><!--[endif]-->Facilidad para trabajar en equipo<\/p>\n<p><!-- [if !supportLists]--><span style=\"font-family: Symbol; mso-fareast-font-family: Symbol; mso-bidi-font-family: Symbol;\">\u00b7<span style=\"font-size: 7pt; line-height: normal; font-family: 'Times New Roman';\">&nbsp;&nbsp;&nbsp;&nbsp;&nbsp;&nbsp;&nbsp;&nbsp; <\/span><\/span><!--[endif]-->Tener sentido de responsabilidad y \u00e9tica.<\/p>\n<p><!-- [if !supportLists]--><span style=\"font-family: Symbol; mso-fareast-font-family: Symbol; mso-bidi-font-family: Symbol;\">\u00b7<span style=\"font-size: 7pt; line-height: normal; font-family: 'Times New Roman';\">&nbsp;&nbsp;&nbsp;&nbsp;&nbsp;&nbsp;&nbsp;&nbsp; <\/span><\/span><!--[endif]-->Preferentemente tener el bachillerato de F\u00edsico \u2013Matem\u00e1tico y\/o con enfoque en Sistemas Computacionales<\/p>\n<h1>Perfil de egreso<\/h1>\n<p><!-- [if !supportLists]--><span style=\"font-family: Symbol; mso-fareast-font-family: Symbol; mso-bidi-font-family: Symbol;\">\u00b7<span style=\"font-size: 7pt; line-height: normal; font-family: 'Times New Roman';\">&nbsp;&nbsp;&nbsp;&nbsp;&nbsp;&nbsp;&nbsp;&nbsp; <\/span><\/span><!--[endif]-->Dise\u00f1a, configura y administra redes.<\/p>\n<p><!-- [if !supportLists]--><span style=\"font-family: Symbol; mso-fareast-font-family: Symbol; mso-bidi-font-family: Symbol;\">\u00b7<span style=\"font-size: 7pt; line-height: normal; font-family: 'Times New Roman';\">&nbsp;&nbsp;&nbsp;&nbsp;&nbsp;&nbsp;&nbsp;&nbsp; <\/span><\/span><!--[endif]-->Desarrolla, implementa y administra software.<\/p>\n<p><!-- [if !supportLists]--><span style=\"font-family: Symbol; mso-fareast-font-family: Symbol; mso-bidi-font-family: Symbol;\">\u00b7<span style=\"font-size: 7pt; line-height: normal; font-family: 'Times New Roman';\">&nbsp;&nbsp;&nbsp;&nbsp;&nbsp;&nbsp;&nbsp;&nbsp; <\/span><\/span><!--[endif]-->Implementa interrelaci\u00f3n hombre- m\u00e1quina y m\u00e1quina-m\u00e1quina para la automatizaci\u00f3n de sistemas.<\/p>\n<p><!-- [if !supportLists]--><span style=\"font-family: Symbol; mso-fareast-font-family: Symbol; mso-bidi-font-family: Symbol;\">\u00b7<span style=\"font-size: 7pt; line-height: normal; font-family: 'Times New Roman';\">&nbsp;&nbsp;&nbsp;&nbsp;&nbsp;&nbsp;&nbsp;&nbsp; <\/span><\/span><!--[endif]-->Identifica y comprende las tecnolog\u00edas que contiene una computadora.<\/p>\n<p><!-- [if !supportLists]--><span style=\"font-family: Symbol; mso-fareast-font-family: Symbol; mso-bidi-font-family: Symbol;\">\u00b7<span style=\"font-size: 7pt; line-height: normal; font-family: 'Times New Roman';\">&nbsp;&nbsp;&nbsp;&nbsp;&nbsp;&nbsp;&nbsp;&nbsp; <\/span><\/span><!--[endif]-->Dise\u00f1a, desarrolla y administra bases de datos.<\/p>\n<p><!-- [if !supportLists]--><span style=\"font-family: Symbol; mso-fareast-font-family: Symbol; mso-bidi-font-family: Symbol;\">\u00b7<span style=\"font-size: 7pt; line-height: normal; font-family: 'Times New Roman';\">&nbsp;&nbsp;&nbsp;&nbsp;&nbsp;&nbsp;&nbsp;&nbsp; <\/span><\/span><!--[endif]-->Maneja la seguridad de la informaci\u00f3n.<\/p>\n<p><!-- [if !supportLists]--><span style=\"font-family: Symbol; mso-fareast-font-family: Symbol; mso-bidi-font-family: Symbol;\">\u00b7<span style=\"font-size: 7pt; line-height: normal; font-family: 'Times New Roman';\">&nbsp;&nbsp;&nbsp;&nbsp;&nbsp;&nbsp;&nbsp;&nbsp; <\/span><\/span><!--[endif]-->Integra soluciones computacionales con diferentes tecnolog\u00edas de la Informaci\u00f3n con una visi\u00f3n empresarial.<\/p>\n<p><!-- [if !supportLists]--><span style=\"font-family: Symbol; mso-fareast-font-family: Symbol; mso-bidi-font-family: Symbol;\">\u00b7<span style=\"font-size: 7pt; line-height: normal; font-family: 'Times New Roman';\">&nbsp;&nbsp;&nbsp;&nbsp;&nbsp;&nbsp;&nbsp;&nbsp; <\/span><\/span><!--[endif]-->Selecciona, aplica herramientas matem\u00e1ticas para el modelado, dise\u00f1o y desarrollo de tecnolog\u00eda computacional<\/p>\n<p><img loading=\"lazy\" decoding=\"async\" class=\" size-full wp-image-6\" src=\"http:\/\/itsloreto.edu.mx\/principal\/wp-content\/uploads\/2014\/10\/iscee1.jpg\" alt=\"\" width=\"469\" height=\"201\" srcset=\"https:\/\/itsloreto.edu.mx\/principal\/wp-content\/uploads\/2014\/10\/iscee1.jpg 700w, https:\/\/itsloreto.edu.mx\/principal\/wp-content\/uploads\/2014\/10\/iscee1-300x129.jpg 300w\" sizes=\"auto, (max-width: 469px) 100vw, 469px\" \/><\/p>\n<p><a href=\"http:\/\/isc.itsloreto.edu.mx\" target=\"_blank\" rel=\"noopener noreferrer\">Visita la pagina de Ingenier\u00eda en Sistemas Computacionales<\/a><\/p>\n","protected":false},"excerpt":{"rendered":"<p>Objetivo de la carrera Formar profesionistas l\u00edderes, anal\u00edticos, cr\u00edticos y creativos, capaces de dise\u00f1ar, implementar y administrar equipo computacional para aportar soluciones innovadoras en beneficio de la sociedad y de&#8230;<\/p>\n<div class=\"more-link-wrapper\"><a class=\"more-link\" href=\"https:\/\/itsloreto.edu.mx\/principal\/ingenieria-en-sistemas-computacionales\/\">Leer m\u00e1s<span class=\"screen-reader-text\">Ingenier\u00eda en Sistemas Computacionales<\/span><\/a><\/div>\n","protected":false},"author":1,"featured_media":0,"parent":0,"menu_order":2,"comment_status":"closed","ping_status":"closed","template":"","meta":{"footnotes":""},"class_list":["post-7","page","type-page","status-publish","hentry","excerpt"],"_links":{"self":[{"href":"https:\/\/itsloreto.edu.mx\/principal\/wp-json\/wp\/v2\/pages\/7","targetHints":{"allow":["GET"]}}],"collection":[{"href":"https:\/\/itsloreto.edu.mx\/principal\/wp-json\/wp\/v2\/pages"}],"about":[{"href":"https:\/\/itsloreto.edu.mx\/principal\/wp-json\/wp\/v2\/types\/page"}],"author":[{"embeddable":true,"href":"https:\/\/itsloreto.edu.mx\/principal\/wp-json\/wp\/v2\/users\/1"}],"replies":[{"embeddable":true,"href":"https:\/\/itsloreto.edu.mx\/principal\/wp-json\/wp\/v2\/comments?post=7"}],"version-history":[{"count":7,"href":"https:\/\/itsloreto.edu.mx\/principal\/wp-json\/wp\/v2\/pages\/7\/revisions"}],"predecessor-version":[{"id":923,"href":"https:\/\/itsloreto.edu.mx\/principal\/wp-json\/wp\/v2\/pages\/7\/revisions\/923"}],"wp:attachment":[{"href":"https:\/\/itsloreto.edu.mx\/principal\/wp-json\/wp\/v2\/media?parent=7"}],"curies":[{"name":"wp","href":"https:\/\/api.w.org\/{rel}","templated":true}]}}